{"id":67,"date":"2024-10-15T19:41:22","date_gmt":"2024-10-15T17:41:22","guid":{"rendered":"https:\/\/www.6foisdys.fr\/boutique-wp\/?post_type=product&#038;p=67"},"modified":"2026-01-23T11:54:54","modified_gmt":"2026-01-23T10:54:54","slug":"%f0%9f%93%b2-ebook-moi-neuro-atypique-le-secret-de-ma-resilience","status":"publish","type":"product","link":"https:\/\/www.6foisdys.fr\/boutique\/produit\/%f0%9f%93%b2-ebook-moi-neuro-atypique-le-secret-de-ma-resilience\/","title":{"rendered":"\ud83d\udcf2 Ebook \u00ab\u00a0Moi, neuro-atypique : le secret de ma r\u00e9silience !\u00a0\u00bb"},"content":{"rendered":"<p>Je m\u2019appelle\u00a0<strong><span class=\"a-text-bold\">Aur\u00e9lie RENARD-VIGNELLES<\/span><\/strong>, j\u2019ai <strong>7 troubles DYS et un TDAH<\/strong>, en d\u2019autres termes je suis\u00a0<span class=\"a-text-bold\">neuro-atypique et fi\u00e8re de l\u2019\u00eatre<\/span>. Apr\u00e8s un parcours difficile dans les apprentissages, dans le monde du travail et au quotidien, j\u2019ai cr\u00e9\u00e9 en ao\u00fbt 2018, mon entreprise\u00a0<span class=\"a-text-bold\">6foisdys<\/span>. Je suis maintenant,\u00a0<strong><span class=\"a-text-bold\">conf\u00e9renci\u00e8re<\/span><\/strong>, consultante et formatrice \u00ab<span class=\"a-text-bold\">troubles DYS<\/span>\u00bb ind\u00e9pendante.<\/p>\n<p>Tu d\u00e9couvriras au travers de ce livre,\u00a0<strong><span class=\"a-text-bold\">comment je suis pass\u00e9e d\u2019une petite fille humili\u00e9e \u00e0 une entrepreneuse aguerrie<\/span><\/strong>, gr\u00e2ce \u00e0 la<strong>\u00a0<span class=\"a-text-bold\">r\u00e9silience<\/span><\/strong>.<\/p>\n<p>Bonne lecture !<\/p>\n<p><strong><span class=\"a-text-bold\">Avis de Sandrine Landron, relectrice et correctrice officielle du livre :<\/span><\/strong><br \/>\n<em><span class=\"a-text-italic\">\u00ab\u00a0Un livre au\u00a0<\/span><span class=\"a-text-bold a-text-italic\">t\u00e9moignage \u00e9difiant<\/span><span class=\"a-text-italic\">\u00a0entre combat d\u2019une vie et\u00a0<\/span><span class=\"a-text-bold a-text-italic\">trucs et astuces<\/span><span class=\"a-text-italic\">\u00a0pour\u00a0<\/span><span class=\"a-text-bold a-text-italic\">mieux vivre<\/span><span class=\"a-text-italic\">\u00a0avec ses\u00a0<\/span><span class=\"a-text-bold a-text-italic\">troubles DYS<\/span><span class=\"a-text-italic\">\u00a0et son\u00a0<\/span><span class=\"a-text-bold a-text-italic\">TDA\/H\u00a0<\/span><span class=\"a-text-italic\">(trucs et astuces \u00e9galement utiles m\u00eame si vous ne l\u2019\u00eates pas).\u00a0\u00bb<\/span><\/em><\/p>\n","protected":false},"excerpt":{"rendered":"<p>\ud83d\udcf2 Format ebook<\/p>\n<p><strong>Autobiographie<\/strong> d&rsquo;une personne <strong>mutli-DYS et TDAH<\/strong> avec <strong>trucs et astuces<\/strong> pour mieux vivre avec ces troubles.<\/p>\n","protected":false},"featured_media":68,"comment_status":"open","ping_status":"closed","template":"","meta":[],"product_brand":[],"product_cat":[15],"product_tag":[],"class_list":{"0":"post-67","1":"product","2":"type-product","3":"status-publish","4":"has-post-thumbnail","6":"product_cat-non-classe","8":"first","9":"instock","10":"downloadable","11":"virtual","12":"purchasable","13":"product-type-simple"},"_links":{"self":[{"href":"https:\/\/www.6foisdys.fr\/boutique\/wp-json\/wp\/v2\/product\/67","targetHints":{"allow":["GET"]}}],"collection":[{"href":"https:\/\/www.6foisdys.fr\/boutique\/wp-json\/wp\/v2\/product"}],"about":[{"href":"https:\/\/www.6foisdys.fr\/boutique\/wp-json\/wp\/v2\/types\/product"}],"replies":[{"embeddable":true,"href":"https:\/\/www.6foisdys.fr\/boutique\/wp-json\/wp\/v2\/comments?post=67"}],"wp:featuredmedia":[{"embeddable":true,"href":"https:\/\/www.6foisdys.fr\/boutique\/wp-json\/wp\/v2\/media\/68"}],"wp:attachment":[{"href":"https:\/\/www.6foisdys.fr\/boutique\/wp-json\/wp\/v2\/media?parent=67"}],"wp:term":[{"taxonomy":"product_brand","embeddable":true,"href":"https:\/\/www.6foisdys.fr\/boutique\/wp-json\/wp\/v2\/product_brand?post=67"},{"taxonomy":"product_cat","embeddable":true,"href":"https:\/\/www.6foisdys.fr\/boutique\/wp-json\/wp\/v2\/product_cat?post=67"},{"taxonomy":"product_tag","embeddable":true,"href":"https:\/\/www.6foisdys.fr\/boutique\/wp-json\/wp\/v2\/product_tag?post=67"}],"curies":[{"name":"wp","href":"https:\/\/api.w.org\/{rel}","templated":true}]}}