{"id":65,"date":"2024-10-15T19:37:53","date_gmt":"2024-10-15T17:37:53","guid":{"rendered":"https:\/\/www.6foisdys.fr\/boutique-wp\/?post_type=product&#038;p=65"},"modified":"2025-03-12T23:27:31","modified_gmt":"2025-03-12T22:27:31","slug":"brochure-dys-mode-demploi-papier","status":"publish","type":"product","link":"https:\/\/www.6foisdys.fr\/boutique\/produit\/brochure-dys-mode-demploi-papier\/","title":{"rendered":"Brochure \u00ab\u00a0DYS ? Mode d&#8217;emploi !\u00a0\u00bb &#8211; papier"},"content":{"rendered":"<p>Voici le d\u00e9tail de ce que vous trouverez pour chacun des troubles DYS :<\/p>\n<ul>\n<li>une mise en situation\u00a0<strong>dans la peau d&rsquo;une personne DYS<\/strong><\/li>\n<li>une\u00a0<strong>d\u00e9finition<\/strong>\u00a0du trouble DYS<\/li>\n<li>des informations sur le\u00a0<strong>diagnostic<\/strong>\u00a0(\u00e2ge, bilans, sp\u00e9cialistes \u00e0 consulter)<\/li>\n<li>les\u00a0<strong>difficult\u00e9s<\/strong>\u00a0et les\u00a0<strong>forces<\/strong>\u00a0des DYS<\/li>\n<li>quelques\u00a0<strong>c\u00e9l\u00e9brit\u00e9s<\/strong>\u00a0ayant des troubles\u00a0<strong>DYS<\/strong><\/li>\n<li>les aides \u00e0 mettre en place pour\u00a0<strong>aider les personnes DYS<\/strong><\/li>\n<\/ul>\n","protected":false},"excerpt":{"rendered":"<p>Si vous cherchez un guide des premiers secours pour <strong>aider les DYS<\/strong> ou si vous cherchez \u00e0 savoir quels bilans faire pour un diagnostic de troubles DYS, c\u2019est cette brochure qu\u2019il vous faut.<\/p>\n<p><strong>Petit plus<\/strong> du format papier : <strong>vous pouvez \u00e9crire dessus<\/strong>.<\/p>\n","protected":false},"featured_media":66,"comment_status":"open","ping_status":"closed","template":"","meta":[],"product_brand":[],"product_cat":[15],"product_tag":[],"class_list":{"0":"post-65","1":"product","2":"type-product","3":"status-publish","4":"has-post-thumbnail","6":"product_cat-non-classe","7":"product_shipping_class-brochures","9":"first","10":"instock","11":"shipping-taxable","12":"purchasable","13":"product-type-simple"},"_links":{"self":[{"href":"https:\/\/www.6foisdys.fr\/boutique\/wp-json\/wp\/v2\/product\/65","targetHints":{"allow":["GET"]}}],"collection":[{"href":"https:\/\/www.6foisdys.fr\/boutique\/wp-json\/wp\/v2\/product"}],"about":[{"href":"https:\/\/www.6foisdys.fr\/boutique\/wp-json\/wp\/v2\/types\/product"}],"replies":[{"embeddable":true,"href":"https:\/\/www.6foisdys.fr\/boutique\/wp-json\/wp\/v2\/comments?post=65"}],"wp:featuredmedia":[{"embeddable":true,"href":"https:\/\/www.6foisdys.fr\/boutique\/wp-json\/wp\/v2\/media\/66"}],"wp:attachment":[{"href":"https:\/\/www.6foisdys.fr\/boutique\/wp-json\/wp\/v2\/media?parent=65"}],"wp:term":[{"taxonomy":"product_brand","embeddable":true,"href":"https:\/\/www.6foisdys.fr\/boutique\/wp-json\/wp\/v2\/product_brand?post=65"},{"taxonomy":"product_cat","embeddable":true,"href":"https:\/\/www.6foisdys.fr\/boutique\/wp-json\/wp\/v2\/product_cat?post=65"},{"taxonomy":"product_tag","embeddable":true,"href":"https:\/\/www.6foisdys.fr\/boutique\/wp-json\/wp\/v2\/product_tag?post=65"}],"curies":[{"name":"wp","href":"https:\/\/api.w.org\/{rel}","templated":true}]}}