{"id":463,"date":"2025-11-15T08:36:13","date_gmt":"2025-11-15T07:36:13","guid":{"rendered":"https:\/\/www.6foisdys.fr\/boutique\/?post_type=product&#038;p=463"},"modified":"2025-11-15T08:36:13","modified_gmt":"2025-11-15T07:36:13","slug":"jeu-de-sensibilisation-aux-troubles-dys-dys-kezako","status":"publish","type":"product","link":"https:\/\/www.6foisdys.fr\/boutique\/produit\/jeu-de-sensibilisation-aux-troubles-dys-dys-kezako\/","title":{"rendered":"Jeu de sensibilisation aux troubles DYS &#8211; \u00ab\u00a0DYS, k\u00e9zako ?\u00a0\u00bb"},"content":{"rendered":"","protected":false},"excerpt":{"rendered":"<p>\ud83d\udc65 De 2 \u00e0 6 joueurs<br \/>\n\ud83d\udc69\u200d\ud83d\udc66 A partir de 10 ans<br \/>\n\ud83d\udd70\ufe0f 30 \u00e0 45 minutes<\/p>\n<p>Un <strong>jeu<\/strong> pour <strong>sensibiliser tout type de public aux troubles DYS<\/strong>.<\/p>\n<p>En <strong>famille<\/strong>, entre amis, entre <strong>coll\u00e8gues<\/strong> ou tout simplement la <strong>salle d&rsquo;attente d&rsquo;un cabinet<\/strong> ce jeu pourra permettre de <strong>comprendre<\/strong> ce que sont les troubles DYS et comment <strong>aider<\/strong> ceux qui les ont.<\/p>\n<p>Ce jeu contient <strong>3 jeux<\/strong> (m\u00e9moryDYS, D\u00e9fis DYS et Quiz DYS) et des<strong> explications<\/strong> sur les 7 <strong>troubles DYS<\/strong> pr\u00e9sent\u00e9s.<\/p>\n<p>Ce jeu a \u00e9t\u00e9 con\u00e7u par mes soins, il a donc \u00e9t\u00e9 cr\u00e9\u00e9 par une personne directement concern\u00e9e.<\/p>\n<p>Besoin d&rsquo;une <strong>facture<\/strong> ? N&rsquo;h\u00e9sitez pas \u00e0 me contacter via le <strong><a href=\"https:\/\/www.6foisdys.fr\/contact.php\">formulaire de contact<\/a> <\/strong>de mon site web.<\/p>\n","protected":false},"featured_media":464,"comment_status":"open","ping_status":"closed","template":"","meta":[],"product_brand":[],"product_cat":[15],"product_tag":[],"class_list":{"0":"post-463","1":"product","2":"type-product","3":"status-publish","4":"has-post-thumbnail","6":"product_cat-non-classe","7":"product_shipping_class-jeu","9":"first","10":"instock","11":"shipping-taxable","12":"purchasable","13":"product-type-simple"},"_links":{"self":[{"href":"https:\/\/www.6foisdys.fr\/boutique\/wp-json\/wp\/v2\/product\/463","targetHints":{"allow":["GET"]}}],"collection":[{"href":"https:\/\/www.6foisdys.fr\/boutique\/wp-json\/wp\/v2\/product"}],"about":[{"href":"https:\/\/www.6foisdys.fr\/boutique\/wp-json\/wp\/v2\/types\/product"}],"replies":[{"embeddable":true,"href":"https:\/\/www.6foisdys.fr\/boutique\/wp-json\/wp\/v2\/comments?post=463"}],"wp:featuredmedia":[{"embeddable":true,"href":"https:\/\/www.6foisdys.fr\/boutique\/wp-json\/wp\/v2\/media\/464"}],"wp:attachment":[{"href":"https:\/\/www.6foisdys.fr\/boutique\/wp-json\/wp\/v2\/media?parent=463"}],"wp:term":[{"taxonomy":"product_brand","embeddable":true,"href":"https:\/\/www.6foisdys.fr\/boutique\/wp-json\/wp\/v2\/product_brand?post=463"},{"taxonomy":"product_cat","embeddable":true,"href":"https:\/\/www.6foisdys.fr\/boutique\/wp-json\/wp\/v2\/product_cat?post=463"},{"taxonomy":"product_tag","embeddable":true,"href":"https:\/\/www.6foisdys.fr\/boutique\/wp-json\/wp\/v2\/product_tag?post=463"}],"curies":[{"name":"wp","href":"https:\/\/api.w.org\/{rel}","templated":true}]}}